{"id":771,"date":"2021-08-23T17:56:00","date_gmt":"2021-08-23T16:56:00","guid":{"rendered":"https:\/\/euromadera.com\/?page_id=771"},"modified":"2021-08-24T09:33:29","modified_gmt":"2021-08-24T08:33:29","slug":"avis-juridique","status":"publish","type":"page","link":"https:\/\/euromadera.com\/fr\/avis-juridique\/","title":{"rendered":"Avis juridique"},"content":{"rendered":"<p>[et_pb_section fb_built=\u00a0\u00bb1&Prime; _builder_version=\u00a0\u00bb4.9.9&Prime; _module_preset=\u00a0\u00bbdefault\u00a0\u00bb][et_pb_row _builder_version=\u00a0\u00bb4.9.9&Prime; _module_preset=\u00a0\u00bbdefault\u00a0\u00bb][et_pb_column type=\u00a0\u00bb4_4&Prime; _builder_version=\u00a0\u00bb4.9.9&Prime; _module_preset=\u00a0\u00bbdefault\u00a0\u00bb][et_pb_text _builder_version=\u00a0\u00bb4.9.10&Prime; _module_preset=\u00a0\u00bbdefault\u00a0\u00bb header_line_height=\u00a0\u00bb1.7em\u00a0\u00bb]<\/p>\n<h1>Avis juridique<\/h1>\n<ol>\n<li><strong>Informations g\u00e9n\u00e9rales et objectif.<\/strong><\/li>\n<\/ol>\n<p>Ce site Web est la propri\u00e9t\u00e9 de<\/p>\n<p>Mikel Gotzon Zubieta P\u00e9rez \u2013 EUROMADERA (\u00c0 partir de, EUROMADERA )<\/p>\n<p>avec NIF. 33423100<\/p>\n<p>r\u00e9side au Carretera xxxkmsss Ormaztegui \u2013 Guip\u00fazcoa.<\/p>\n<p>Num\u00e9ro du contact. 636 53 91 67 y<\/p>\n<p>avec e-mail: <a href=\"mailto:info@euromadera.com\">info@euromadera.com<\/a><\/p>\n<p>EUROMADERA via ce site Web (www.euromadera.com) fournit des informations int\u00e9ressantes sur son activit\u00e9 et ses services.<\/p>\n<p>L&rsquo;utilisation de ce site Web attribue au navigateur la condition d&rsquo;utilisateur du site, ce qui implique le respect de ces conditions dans la version publi\u00e9e au moment de l&rsquo;acc\u00e8s. Par cons\u00e9quent, EUROMADERA recommande \u00e0 l&rsquo;utilisateur de les lire attentivement \u00e0 chaque fois qu&rsquo;il acc\u00e8de au site.<\/p>\n<ol start=\"2\">\n<li><strong>Du site internet et responsabilit\u00e9 du prestataire<\/strong><\/li>\n<\/ol>\n<p>EUROMADERA est exon\u00e9r\u00e9 de tout type de responsabilit\u00e9 d\u00e9riv\u00e9e des informations publi\u00e9es sur ce site Web, ou de tout autre \u00e9l\u00e9ment d\u00e9pendant de celui-ci, si elles ont \u00e9t\u00e9 manipul\u00e9es ou introduites par un tiers sans le consentement de son propri\u00e9taire.<\/p>\n<p>Ce site Web peut \u00eatre temporairement inactif en raison de probl\u00e8mes techniques ou de maintenance et de mises \u00e0 jour.<\/p>\n<p>EUROMADERA n&rsquo;assume aucune responsabilit\u00e9 pour de telles t\u00e2ches de maintenance, pannes ou erreurs techniques qui pourraient survenir.<\/p>\n<p>Toute information annonc\u00e9e par EUROMADERA sur son site Web doit en tout \u00e9tat de cause \u00eatre confirm\u00e9e \u00e0 EUROMADERA par l&rsquo;un des moyens de contact pour garantir la v\u00e9racit\u00e9 du contenu Web.<\/p>\n<p>EUROMADERA attache une attention particuli\u00e8re \u00e0 l&rsquo;exactitude et \u00e0 la pr\u00e9cision des informations sur le site, en les mettant \u00e0 jour p\u00e9riodiquement et en corrigeant les erreurs d\u00e8s qu&rsquo;elles sont d\u00e9tect\u00e9es. Cependant, EUROMADERA ne peut garantir que les informations sont \u00e0 jour et l&rsquo;absence d&rsquo;erreurs \u00e0 tout moment.<\/p>\n<p>Pour utiliser certains services ou contenus du site Web, l&rsquo;utilisateur doit s&rsquo;inscrire ou s&rsquo;inscrire en tant qu&rsquo;utilisateur.<\/p>\n<p>EUROMADERA adopte les mesures techniques et organisationnelles n\u00e9cessaires pour garantir la protection des donn\u00e9es personnelles et \u00e9viter leur alt\u00e9ration, perte, traitement et\/ou acc\u00e8s non autoris\u00e9, en tenant compte de l&rsquo;\u00e9tat de l&rsquo;art, de la nature des donn\u00e9es stock\u00e9es et des risques auxquels elles sont expos\u00e9s, tout cela, conform\u00e9ment aux dispositions de la l\u00e9gislation en vigueur sur la protection des donn\u00e9es personnelles (voir https:\/\/www.euromadera.com\/politica-de-privacidad\/).<\/p>\n<ol start=\"3\">\n<li><strong>Utilisation correcte du site Web<\/strong><\/li>\n<\/ol>\n<p>L&rsquo;utilisateur s&rsquo;engage \u00e0 utiliser la page Web, les contenus et les services conform\u00e9ment \u00e0 la loi dans cette politique, les bonnes m\u0153urs et l&rsquo;ordre public. De la m\u00eame mani\u00e8re, l&rsquo;utilisateur s&rsquo;engage \u00e0 ne pas utiliser la page Web, son contenu ou les services fournis par son interm\u00e9diaire \u00e0 des fins ou effets ill\u00e9gaux ou contraires au contenu de la pr\u00e9sente notice l\u00e9gale, pr\u00e9judiciable aux int\u00e9r\u00eats ou aux droits de tiers ou qu&rsquo;en de quelque mani\u00e8re que ce soit, cela pourrait endommager les donn\u00e9es, les programmes ou les documents \u00e9lectroniques trouv\u00e9s sur le Web.<\/p>\n<p>L&rsquo;utilisateur s&rsquo;engage \u00e0 ne pas introduire de programmes, virus, macros, applets, contr\u00f4les ActiveX ou tout autre dispositif logique ou s\u00e9quence de caract\u00e8res qui provoquent ou sont susceptibles de provoquer tout type d&rsquo;alt\u00e9ration dans les syst\u00e8mes informatiques d&rsquo;EUROMADERA ou de tiers.<\/p>\n<ol start=\"4\">\n<li><strong>Liens de tiers<\/strong><\/li>\n<\/ol>\n<p>Cette politique l\u00e9gale se r\u00e9f\u00e8re uniquement au site Web et au contenu d&rsquo;EUROMADERA et ne s&rsquo;applique pas aux liens ou aux sites Web de tiers accessibles via le site Web.<\/p>\n<p>Les destinations de ces liens ne sont pas sous le contr\u00f4le d&rsquo;EUROMADERA.<\/p>\n<p>EUROMADERA n&rsquo;est pas responsable du contenu de l&rsquo;une des pages Web de destination d&rsquo;un lien, ni de tout lien inclus dans une page Web accessible \u00e0 partir du Web d&rsquo;EUROMADERA, ni de toute modification ou mise \u00e0 jour de ces pages.<\/p>\n<ol start=\"5\">\n<li><strong>Propri\u00e9t\u00e9 intellectuelle.<\/strong><\/li>\n<\/ol>\n<ol start=\"6\">\n<li>Le contenu du site Web est une \u0153uvre originale et prot\u00e9g\u00e9e par la loi sur la propri\u00e9t\u00e9 intellectuelle avec tous les droits r\u00e9serv\u00e9s \u00e0 BERRI WOOD, ne permettant pas la reproduction ou la transmission de quelque mani\u00e8re que ce soit, ou par quelque moyen que ce soit, de tout ou partie du contenu du mat\u00e9riel de ce site. Site Web, y compris, mais sans s&rsquo;y limiter, le texte, les photos, les graphiques, le code de conception, sans l&rsquo;autorisation pr\u00e9alable de l&rsquo;auteur. A aucun moment le code source ne peut \u00eatre copi\u00e9, modifi\u00e9 ou d\u00e9compil\u00e9 par r\u00e9tro-ing\u00e9nierie ou toute autre technique \u00e0 cet effet.\n<p>Tous les logos et marques d&rsquo;EUROMADERA sont d\u00e9pos\u00e9s en tant que marques dans les registres publics correspondants. Les autres logos non-EUROMADERA pouvant appara\u00eetre sur le site appartiennent \u00e0 leurs propri\u00e9taires respectifs, sans qu&rsquo;EUROMADERA ne soit responsable des controverses ou de leur contenu.<\/p>\n<p>La conception du site Internet est la propri\u00e9t\u00e9 d&rsquo;EUROMADERA \u00e0 partir de sa programmation, de son \u00e9dition, de sa compilation et des autres \u00e9l\u00e9ments n\u00e9cessaires \u00e0 son fonctionnement. L&rsquo;autorisation \u00e9crite expresse d&rsquo;EUROMADERA sera n\u00e9cessaire pour sa reproduction partielle ou totale, ainsi que pour l&rsquo;exploitation, la distribution et la commercialisation en g\u00e9n\u00e9ral.<\/p>\n<p>Les r\u00e9clamations qui peuvent \u00eatre d\u00e9pos\u00e9es par les utilisateurs concernant d&rsquo;\u00e9ventuelles violations des droits de propri\u00e9t\u00e9 intellectuelle ou industrielle du contenu peuvent \u00eatre adress\u00e9es \u00e0 : info@euromadera.com<\/p>\n<\/li>\n<\/ol>\n<p>Protection des donn\u00e9es personnelles.<\/p>\n<p>Consultez la politique de confidentialit\u00e9 : <a href=\"https:\/\/www.euromadera.com\/politica-de-privacidad\/\">https:\/\/www.euromadera.com\/politica-de-privacidad\/<\/a><\/p>\n<p>&nbsp;<\/p>\n<ol start=\"7\">\n<li><strong>Droit applicable et juridiction.<\/strong><\/li>\n<\/ol>\n<p>Pour toute question litigieuse ou concernant le site Web ou, le cas \u00e9ch\u00e9ant, le service fourni par EUROMADERA, ils se soumettent volontairement \u00e0 la l\u00e9gislation espagnole, \u00e9tant comp\u00e9tents pour la r\u00e9solution de tous les conflits d\u00e9riv\u00e9s ou connexes les cours et tribunaux de Pampelune (Espagne) et le cas \u00e9ch\u00e9ant , les Tribunaux d&rsquo;Arbitrage auxquels il est adh\u00e9r\u00e9 lors du litige EUROMADERA<\/p>\n<p><strong>\u00a0<\/strong><\/p>\n<p><strong>Date de modification du texte : 16 juillet 2021<\/strong><\/p>\n<p>&nbsp;<\/p>\n<p>[\/et_pb_text][\/et_pb_column][\/et_pb_row][\/et_pb_section]<\/p>\n","protected":false},"excerpt":{"rendered":"<p>Avis juridique Informations g\u00e9n\u00e9rales et objectif. Ce site Web est la propri\u00e9t\u00e9 de Mikel Gotzon Zubieta P\u00e9rez \u2013 EUROMADERA (\u00c0 partir de, EUROMADERA ) avec NIF. 33423100 r\u00e9side au Carretera xxxkmsss Ormaztegui \u2013 Guip\u00fazcoa. Num\u00e9ro du contact. 636 53 91 67 y avec e-mail: info@euromadera.com EUROMADERA via ce site Web (www.euromadera.com) fournit des informations int\u00e9ressantes [&hellip;]<\/p>\n","protected":false},"author":1,"featured_media":0,"parent":0,"menu_order":0,"comment_status":"closed","ping_status":"closed","template":"","meta":{"_et_pb_use_builder":"on","_et_pb_old_content":"<p>[et_pb_section fb_built=\"1\" _builder_version=\"4.9.9\" _module_preset=\"default\"][et_pb_row _builder_version=\"4.9.9\" _module_preset=\"default\"][et_pb_column type=\"4_4\" _builder_version=\"4.9.9\" _module_preset=\"default\"][et_pb_text _builder_version=\"4.9.9\" _module_preset=\"default\" header_line_height=\"1.7em\"]<\/p><h1>Aviso Legal<\/h1><ol><li><strong>Informaci\u00f3n General y objeto.<\/strong><\/li><\/ol><p>Este sitio Web es propiedad de<\/p><p>Mikel Gotzon Zubieta P\u00e9rez \u2013 EUROMADERA (en adelante, EUROMADERA )<\/p><p>con NIF. 33423100<\/p><p>con domicilio en Carretera xxxkmsss Ormaztegui \u2013 Guip\u00fazcoa.<\/p><p>Tel\u00e9fono contacto. 636 53 91 67 y<\/p><p>con e-mail: <a href=\"mailto:info@euromadera.com\">info@euromadera.com<\/a><\/p><p>EUROMADERA \u00a0a trav\u00e9s de este Sitio Web (www.euromadera.com) facilita datos de inter\u00e9s acerca de su actividad y servicios.<\/p><p>La utilizaci\u00f3n de este sitio Web atribuye al navegante la condici\u00f3n de usuario del sitio, lo cual implica la adhesi\u00f3n a las presentes condiciones en la versi\u00f3n publicada en el momento en que se acceda al mismo. Por ello, EUROMADERA recomienda al usuario leer las mismas atentamente cada vez que acceda al sitio Web.<\/p><ol start=\"2\"><li><strong>Del sitio Web y responsabilidad del prestador<\/strong><\/li><\/ol><p>EUROMADERA se exime de cualquier tipo de responsabilidad derivada de la informaci\u00f3n publicada en este sitio Web, o cualesquiera otros dependientes de este, si ha sido manipulada o introducida por un tercero sin consentimiento de su titular.<\/p><p>Este sitio Web puede estar temporalmente no activo, por problemas t\u00e9cnicos o trabajos de mantenimiento y actualizaciones.<\/p><p>EUROMADERA no asume responsabilidad alguna respecto de dichas tareas de mantenimiento, fallos o errores t\u00e9cnicos que se puedan producir.<\/p><p>Cualquier informaci\u00f3n anunciada por EUROMADERA en su sitio Web, deber\u00e1 ser en todo caso confirmada ante EUROMADERA mediante cualquiera de los modos de contacto para garantizar la veracidad del contenido web.<\/p><p>EUROMADERA presta especial atenci\u00f3n a que la informaci\u00f3n del sitio web sea exacta y precisa, procediendo a su actualizaci\u00f3n de forma peri\u00f3dica y corrigiendo los errores tan pronto como estos hayan sido detectados. Con todo, EUROMADERA no puede garantizar que la informaci\u00f3n est\u00e9 actualizada y la inexistencia de errores en todo momento.<\/p><p>Para la utilizaci\u00f3n de determinados servicios o contenidos del sitio Web, el usuario deber\u00e1 realizar la suscripci\u00f3n o registro como usuario.<\/p><p>EUROMADERA adopta las medidas t\u00e9cnicas y organizativas necesarias para garantizar la protecci\u00f3n de datos personales y evitar su alteraci\u00f3n, p\u00e9rdida, tratamiento y\/o acceso no autorizado, habida cuenta del estado de la t\u00e9cnica, la naturaleza de los datos almacenados y los riesgos a que est\u00e1n expuestos, todo ello, conforme a lo establecido por la legislaci\u00f3n vigente de Protecci\u00f3n de datos de Car\u00e1cter Personal (ver <a href=\"https:\/\/www.euromadera.com\/politica-de-privacidad\/\">https:\/\/www.euromadera.com\/politica-de-privacidad\/<\/a> ).<\/p><ol start=\"3\"><li><strong>Uso correcto de la p\u00e1gina Web<\/strong><\/li><\/ol><p>El usuario se compromete a utilizar la p\u00e1gina Web, los contenidos y servicios de conformidad con la Ley en la presente pol\u00edtica, las buenas costumbres y el orden p\u00fablico. Del mismo modo el usuario se obliga a no utilizar la p\u00e1gina Web, sus contenidos o los servicios que se presten a trav\u00e9s de \u00e9sta con fines o efectos il\u00edcitos o contrarios al contenido del presente aviso legal, lesivos de los intereses o derechos de terceros o que de cualquier forma pueda da\u00f1ar los datos, programas o documentos electr\u00f3nicos que se encuentren en la Web.<\/p><p>El usuario se compromete a no introducir programas, virus, macros, applets, controles ActiveX o cualquier otro dispositivo l\u00f3gico o secuencia de caracteres que causen o sean susceptibles de causar cualquier tipo de alteraci\u00f3n en los sistemas inform\u00e1ticos de EUROMADERA o de terceros.<\/p><ol start=\"4\"><li><strong>Enlaces de terceros<\/strong><\/li><\/ol><p>La presente pol\u00edtica legal se refiere \u00fanicamente a la p\u00e1gina Web y contenidos de EUROMADERA y no se aplica a los enlaces o a las p\u00e1ginas Web de terceros accesibles a trav\u00e9s de la p\u00e1gina Web.<\/p><p>Los destinos de dichos enlaces no est\u00e1n bajo el control de EUROMADERA .<\/p><p>EUROMADERA no es responsable del contenido de ninguna de las p\u00e1ginas Web de destino de un enlace, ni de ning\u00fan enlace incluido en una p\u00e1gina Web a la que llegue desde la Web de EUROMADERA ni de ning\u00fan cambio o actualizaci\u00f3n de dichas p\u00e1ginas.<\/p><ol start=\"5\"><li><strong>Propiedad Intelectual.<\/strong><\/li><\/ol><p>El contenido del sitio Web es una obra original y protegida por el Derecho de Propiedad Intelectual con todos los derechos reservados para BERRI WOOD no permiti\u00e9ndose la reproducci\u00f3n ni transmisi\u00f3n en forma alguna, ni por ning\u00fan medio de parte o de todo el contenido del material de este sitio Web, incluyendo, sin ser limitativo, texto, fotos, gr\u00e1ficos, c\u00f3digo de dise\u00f1o, sin previa autorizaci\u00f3n del autor. En ning\u00fan momento podr\u00e1 ser objeto de copia, modificaci\u00f3n o descompilaci\u00f3n del c\u00f3digo fuente mediante ingenier\u00eda inversa o cualquier otra t\u00e9cnica al efecto.<\/p><p>Todos los logotipos y marcas de EUROMADERA se encuentran registrados como marcas en los registros p\u00fablicos correspondientes. El resto de los logotipos ajenos a EUROMADERA que pudieran aparecer en el sitio Web, pertenecen a sus respectivos propietarios, sin ser EUROMADERA responsable de controversias o de los contenidos de los mismos.<\/p><p>El dise\u00f1o del sitio Web es propiedad de EUROMADERA desde su programaci\u00f3n, edici\u00f3n, compilaci\u00f3n y dem\u00e1s elementos necesarios para su funcionamiento. Se necesitar\u00e1 la autorizaci\u00f3n expresa de por escrito de EUROMADERA para su reproducci\u00f3n parcial o total, as\u00ed como para la explotaci\u00f3n, distribuci\u00f3n y comercializaci\u00f3n en general.<\/p><p>Las reclamaciones que pudieran interponerse por los usuarios en relaci\u00f3n con posibles incumplimientos de los derechos de propiedad intelectual o industrial de los contenidos pueden dirigirse a: <a href=\"mailto:info@euromadera.com\">info@euromadera.com<\/a><\/p><p>\u00a0<\/p><ol start=\"6\"><li><strong>Protecci\u00f3n de datos personales.<\/strong><\/li><\/ol><p><strong>Consultar la Pol\u00edtica de Privacidad:<\/strong> <a href=\"https:\/\/www.euromadera.com\/politica-de-privacidad\/\">https:\/\/www.euromadera.com\/politica-de-privacidad\/<\/a><\/p><p>\u00a0<\/p><ol start=\"7\"><li><strong>Ley Aplicable y Jurisdicci\u00f3n.<\/strong><\/li><\/ol><p>Para toda cuesti\u00f3n litigiosa o que incumba al Sitio Web o en su caso el servicio prestado por EUROMADERA , se someten voluntariamente a la legislaci\u00f3n espa\u00f1ola, siendo competentes para la resoluci\u00f3n de todos los conflictos derivados o relacionados los Juzgados y Tribunales de Pamplona (Espa\u00f1a) y en su caso, los Tribunales Arbitrales a los que se encuentra adherida en el momento de la controversia EUROMADERA<\/p><p><strong>\u00a0<\/strong><\/p><p><strong>Fecha modificaci\u00f3n del texto: 16 de julio de 2021<\/strong><\/p><p>\u00a0<\/p><p>[\/et_pb_text][\/et_pb_column][\/et_pb_row][\/et_pb_section]<\/p>","_et_gb_content_width":"","footnotes":""},"class_list":["post-771","page","type-page","status-publish","hentry"],"aioseo_notices":[],"_links":{"self":[{"href":"https:\/\/euromadera.com\/fr\/wp-json\/wp\/v2\/pages\/771","targetHints":{"allow":["GET"]}}],"collection":[{"href":"https:\/\/euromadera.com\/fr\/wp-json\/wp\/v2\/pages"}],"about":[{"href":"https:\/\/euromadera.com\/fr\/wp-json\/wp\/v2\/types\/page"}],"author":[{"embeddable":true,"href":"https:\/\/euromadera.com\/fr\/wp-json\/wp\/v2\/users\/1"}],"replies":[{"embeddable":true,"href":"https:\/\/euromadera.com\/fr\/wp-json\/wp\/v2\/comments?post=771"}],"version-history":[{"count":0,"href":"https:\/\/euromadera.com\/fr\/wp-json\/wp\/v2\/pages\/771\/revisions"}],"wp:attachment":[{"href":"https:\/\/euromadera.com\/fr\/wp-json\/wp\/v2\/media?parent=771"}],"curies":[{"name":"wp","href":"https:\/\/api.w.org\/{rel}","templated":true}]}}