{"id":761,"date":"2021-08-29T06:51:53","date_gmt":"2021-08-29T05:51:53","guid":{"rendered":"https:\/\/euromadera.com\/?page_id=761"},"modified":"2021-08-29T06:51:58","modified_gmt":"2021-08-29T05:51:58","slug":"legal-warning","status":"publish","type":"page","link":"https:\/\/euromadera.com\/en\/legal-warning\/","title":{"rendered":"Legal warning"},"content":{"rendered":"<p>[et_pb_section fb_built=&#8221;1&#8243; _builder_version=&#8221;4.9.9&#8243; _module_preset=&#8221;default&#8221;][et_pb_row _builder_version=&#8221;4.9.9&#8243; _module_preset=&#8221;default&#8221;][et_pb_column type=&#8221;4_4&#8243; _builder_version=&#8221;4.9.9&#8243; _module_preset=&#8221;default&#8221;][et_pb_text _builder_version=&#8221;4.9.9&#8243; _module_preset=&#8221;default&#8221; header_line_height=&#8221;1.7em&#8221;]<\/p>\n<h1>Aviso Legal<\/h1>\n<ol>\n<li><strong>Informaci\u00f3n General y objeto.<\/strong><\/li>\n<\/ol>\n<p>Este sitio Web es propiedad de<\/p>\n<p>Mikel Gotzon Zubieta P\u00e9rez \u2013 EUROMADERA (en adelante, EUROMADERA )<\/p>\n<p>con NIF. 33423100<\/p>\n<p>con domicilio en Carretera xxxkmsss Ormaztegui \u2013 Guip\u00fazcoa.<\/p>\n<p>Tel\u00e9fono contacto. 636 53 91 67 y<\/p>\n<p>con e-mail: <a href=\"mailto:info@euromadera.com\">info@euromadera.com<\/a><\/p>\n<p>EUROMADERA \u00a0a trav\u00e9s de este Sitio Web (www.euromadera.com) facilita datos de inter\u00e9s acerca de su actividad y servicios.<\/p>\n<p>La utilizaci\u00f3n de este sitio Web atribuye al navegante la condici\u00f3n de usuario del sitio, lo cual implica la adhesi\u00f3n a las presentes condiciones en la versi\u00f3n publicada en el momento en que se acceda al mismo. Por ello, EUROMADERA recomienda al usuario leer las mismas atentamente cada vez que acceda al sitio Web.<\/p>\n<ol start=\"2\">\n<li><strong>Del sitio Web y responsabilidad del prestador<\/strong><\/li>\n<\/ol>\n<p>EUROMADERA se exime de cualquier tipo de responsabilidad derivada de la informaci\u00f3n publicada en este sitio Web, o cualesquiera otros dependientes de este, si ha sido manipulada o introducida por un tercero sin consentimiento de su titular.<\/p>\n<p>Este sitio Web puede estar temporalmente no activo, por problemas t\u00e9cnicos o trabajos de mantenimiento y actualizaciones.<\/p>\n<p>EUROMADERA no asume responsabilidad alguna respecto de dichas tareas de mantenimiento, fallos o errores t\u00e9cnicos que se puedan producir.<\/p>\n<p>Cualquier informaci\u00f3n anunciada por EUROMADERA en su sitio Web, deber\u00e1 ser en todo caso confirmada ante EUROMADERA mediante cualquiera de los modos de contacto para garantizar la veracidad del contenido web.<\/p>\n<p>EUROMADERA presta especial atenci\u00f3n a que la informaci\u00f3n del sitio web sea exacta y precisa, procediendo a su actualizaci\u00f3n de forma peri\u00f3dica y corrigiendo los errores tan pronto como estos hayan sido detectados. Con todo, EUROMADERA no puede garantizar que la informaci\u00f3n est\u00e9 actualizada y la inexistencia de errores en todo momento.<\/p>\n<p>Para la utilizaci\u00f3n de determinados servicios o contenidos del sitio Web, el usuario deber\u00e1 realizar la suscripci\u00f3n o registro como usuario.<\/p>\n<p>EUROMADERA adopta las medidas t\u00e9cnicas y organizativas necesarias para garantizar la protecci\u00f3n de datos personales y evitar su alteraci\u00f3n, p\u00e9rdida, tratamiento y\/o acceso no autorizado, habida cuenta del estado de la t\u00e9cnica, la naturaleza de los datos almacenados y los riesgos a que est\u00e1n expuestos, todo ello, conforme a lo establecido por la legislaci\u00f3n vigente de Protecci\u00f3n de datos de Car\u00e1cter Personal (ver <a href=\"https:\/\/www.euromadera.com\/politica-de-privacidad\/\">https:\/\/www.euromadera.com\/politica-de-privacidad\/<\/a> ).<\/p>\n<ol start=\"3\">\n<li><strong>Uso correcto de la p\u00e1gina Web<\/strong><\/li>\n<\/ol>\n<p>El usuario se compromete a utilizar la p\u00e1gina Web, los contenidos y servicios de conformidad con la Ley en la presente pol\u00edtica, las buenas costumbres y el orden p\u00fablico. Del mismo modo el usuario se obliga a no utilizar la p\u00e1gina Web, sus contenidos o los servicios que se presten a trav\u00e9s de \u00e9sta con fines o efectos il\u00edcitos o contrarios al contenido del presente aviso legal, lesivos de los intereses o derechos de terceros o que de cualquier forma pueda da\u00f1ar los datos, programas o documentos electr\u00f3nicos que se encuentren en la Web.<\/p>\n<p>El usuario se compromete a no introducir programas, virus, macros, applets, controles ActiveX o cualquier otro dispositivo l\u00f3gico o secuencia de caracteres que causen o sean susceptibles de causar cualquier tipo de alteraci\u00f3n en los sistemas inform\u00e1ticos de EUROMADERA o de terceros.<\/p>\n<ol start=\"4\">\n<li><strong>Enlaces de terceros<\/strong><\/li>\n<\/ol>\n<p>La presente pol\u00edtica legal se refiere \u00fanicamente a la p\u00e1gina Web y contenidos de EUROMADERA y no se aplica a los enlaces o a las p\u00e1ginas Web de terceros accesibles a trav\u00e9s de la p\u00e1gina Web.<\/p>\n<p>Los destinos de dichos enlaces no est\u00e1n bajo el control de EUROMADERA .<\/p>\n<p>EUROMADERA no es responsable del contenido de ninguna de las p\u00e1ginas Web de destino de un enlace, ni de ning\u00fan enlace incluido en una p\u00e1gina Web a la que llegue desde la Web de EUROMADERA ni de ning\u00fan cambio o actualizaci\u00f3n de dichas p\u00e1ginas.<\/p>\n<ol start=\"5\">\n<li><strong>Propiedad Intelectual.<\/strong><\/li>\n<\/ol>\n<p>El contenido del sitio Web es una obra original y protegida por el Derecho de Propiedad Intelectual con todos los derechos reservados para BERRI WOOD no permiti\u00e9ndose la reproducci\u00f3n ni transmisi\u00f3n en forma alguna, ni por ning\u00fan medio de parte o de todo el contenido del material de este sitio Web, incluyendo, sin ser limitativo, texto, fotos, gr\u00e1ficos, c\u00f3digo de dise\u00f1o, sin previa autorizaci\u00f3n del autor. En ning\u00fan momento podr\u00e1 ser objeto de copia, modificaci\u00f3n o descompilaci\u00f3n del c\u00f3digo fuente mediante ingenier\u00eda inversa o cualquier otra t\u00e9cnica al efecto.<\/p>\n<p>Todos los logotipos y marcas de EUROMADERA se encuentran registrados como marcas en los registros p\u00fablicos correspondientes. El resto de los logotipos ajenos a EUROMADERA que pudieran aparecer en el sitio Web, pertenecen a sus respectivos propietarios, sin ser EUROMADERA responsable de controversias o de los contenidos de los mismos.<\/p>\n<p>El dise\u00f1o del sitio Web es propiedad de EUROMADERA desde su programaci\u00f3n, edici\u00f3n, compilaci\u00f3n y dem\u00e1s elementos necesarios para su funcionamiento. Se necesitar\u00e1 la autorizaci\u00f3n expresa de por escrito de EUROMADERA para su reproducci\u00f3n parcial o total, as\u00ed como para la explotaci\u00f3n, distribuci\u00f3n y comercializaci\u00f3n en general.<\/p>\n<p>Las reclamaciones que pudieran interponerse por los usuarios en relaci\u00f3n con posibles incumplimientos de los derechos de propiedad intelectual o industrial de los contenidos pueden dirigirse a: <a href=\"mailto:info@euromadera.com\">info@euromadera.com<\/a><\/p>\n<p>&nbsp;<\/p>\n<ol start=\"6\">\n<li><strong>Protecci\u00f3n de datos personales.<\/strong><\/li>\n<\/ol>\n<p><strong>Consultar la Pol\u00edtica de Privacidad:<\/strong> <a href=\"https:\/\/www.euromadera.com\/politica-de-privacidad\/\">https:\/\/www.euromadera.com\/politica-de-privacidad\/<\/a><\/p>\n<p>&nbsp;<\/p>\n<ol start=\"7\">\n<li><strong>Ley Aplicable y Jurisdicci\u00f3n.<\/strong><\/li>\n<\/ol>\n<p>Para toda cuesti\u00f3n litigiosa o que incumba al Sitio Web o en su caso el servicio prestado por EUROMADERA , se someten voluntariamente a la legislaci\u00f3n espa\u00f1ola, siendo competentes para la resoluci\u00f3n de todos los conflictos derivados o relacionados los Juzgados y Tribunales de Pamplona (Espa\u00f1a) y en su caso, los Tribunales Arbitrales a los que se encuentra adherida en el momento de la controversia EUROMADERA<\/p>\n<p><strong>\u00a0<\/strong><\/p>\n<p><strong>Fecha modificaci\u00f3n del texto: 16 de julio de 2021<\/strong><\/p>\n<p>&nbsp;<br \/>\n[\/et_pb_text][\/et_pb_column][\/et_pb_row][\/et_pb_section]<\/p>\n","protected":false},"excerpt":{"rendered":"<p>Aviso Legal Informaci\u00f3n General y objeto. Este sitio Web es propiedad de Mikel Gotzon Zubieta P\u00e9rez \u2013 EUROMADERA (en adelante, EUROMADERA ) con NIF. 33423100 con domicilio en Carretera xxxkmsss Ormaztegui \u2013 Guip\u00fazcoa. Tel\u00e9fono contacto. 636 53 91 67 y con e-mail: info@euromadera.com EUROMADERA \u00a0a trav\u00e9s de este Sitio Web (www.euromadera.com) facilita datos de inter\u00e9s [&hellip;]<\/p>\n","protected":false},"author":1,"featured_media":0,"parent":0,"menu_order":0,"comment_status":"closed","ping_status":"closed","template":"","meta":{"_et_pb_use_builder":"on","_et_pb_old_content":"<p>[et_pb_section fb_built=\"1\" _builder_version=\"4.9.9\" _module_preset=\"default\"][et_pb_row _builder_version=\"4.9.9\" _module_preset=\"default\"][et_pb_column type=\"4_4\" _builder_version=\"4.9.9\" _module_preset=\"default\"][et_pb_text _builder_version=\"4.9.9\" _module_preset=\"default\" header_line_height=\"1.7em\"]<\/p><h1>Aviso Legal<\/h1><ol><li><strong>Informaci\u00f3n General y objeto.<\/strong><\/li><\/ol><p>Este sitio Web es propiedad de<\/p><p>Mikel Gotzon Zubieta P\u00e9rez \u2013 EUROMADERA (en adelante, EUROMADERA )<\/p><p>con NIF. 33423100<\/p><p>con domicilio en Carretera xxxkmsss Ormaztegui \u2013 Guip\u00fazcoa.<\/p><p>Tel\u00e9fono contacto. 636 53 91 67 y<\/p><p>con e-mail: <a href=\"mailto:info@euromadera.com\">info@euromadera.com<\/a><\/p><p>EUROMADERA \u00a0a trav\u00e9s de este Sitio Web (www.euromadera.com) facilita datos de inter\u00e9s acerca de su actividad y servicios.<\/p><p>La utilizaci\u00f3n de este sitio Web atribuye al navegante la condici\u00f3n de usuario del sitio, lo cual implica la adhesi\u00f3n a las presentes condiciones en la versi\u00f3n publicada en el momento en que se acceda al mismo. Por ello, EUROMADERA recomienda al usuario leer las mismas atentamente cada vez que acceda al sitio Web.<\/p><ol start=\"2\"><li><strong>Del sitio Web y responsabilidad del prestador<\/strong><\/li><\/ol><p>EUROMADERA se exime de cualquier tipo de responsabilidad derivada de la informaci\u00f3n publicada en este sitio Web, o cualesquiera otros dependientes de este, si ha sido manipulada o introducida por un tercero sin consentimiento de su titular.<\/p><p>Este sitio Web puede estar temporalmente no activo, por problemas t\u00e9cnicos o trabajos de mantenimiento y actualizaciones.<\/p><p>EUROMADERA no asume responsabilidad alguna respecto de dichas tareas de mantenimiento, fallos o errores t\u00e9cnicos que se puedan producir.<\/p><p>Cualquier informaci\u00f3n anunciada por EUROMADERA en su sitio Web, deber\u00e1 ser en todo caso confirmada ante EUROMADERA mediante cualquiera de los modos de contacto para garantizar la veracidad del contenido web.<\/p><p>EUROMADERA presta especial atenci\u00f3n a que la informaci\u00f3n del sitio web sea exacta y precisa, procediendo a su actualizaci\u00f3n de forma peri\u00f3dica y corrigiendo los errores tan pronto como estos hayan sido detectados. Con todo, EUROMADERA no puede garantizar que la informaci\u00f3n est\u00e9 actualizada y la inexistencia de errores en todo momento.<\/p><p>Para la utilizaci\u00f3n de determinados servicios o contenidos del sitio Web, el usuario deber\u00e1 realizar la suscripci\u00f3n o registro como usuario.<\/p><p>EUROMADERA adopta las medidas t\u00e9cnicas y organizativas necesarias para garantizar la protecci\u00f3n de datos personales y evitar su alteraci\u00f3n, p\u00e9rdida, tratamiento y\/o acceso no autorizado, habida cuenta del estado de la t\u00e9cnica, la naturaleza de los datos almacenados y los riesgos a que est\u00e1n expuestos, todo ello, conforme a lo establecido por la legislaci\u00f3n vigente de Protecci\u00f3n de datos de Car\u00e1cter Personal (ver <a href=\"https:\/\/www.euromadera.com\/politica-de-privacidad\/\">https:\/\/www.euromadera.com\/politica-de-privacidad\/<\/a> ).<\/p><ol start=\"3\"><li><strong>Uso correcto de la p\u00e1gina Web<\/strong><\/li><\/ol><p>El usuario se compromete a utilizar la p\u00e1gina Web, los contenidos y servicios de conformidad con la Ley en la presente pol\u00edtica, las buenas costumbres y el orden p\u00fablico. Del mismo modo el usuario se obliga a no utilizar la p\u00e1gina Web, sus contenidos o los servicios que se presten a trav\u00e9s de \u00e9sta con fines o efectos il\u00edcitos o contrarios al contenido del presente aviso legal, lesivos de los intereses o derechos de terceros o que de cualquier forma pueda da\u00f1ar los datos, programas o documentos electr\u00f3nicos que se encuentren en la Web.<\/p><p>El usuario se compromete a no introducir programas, virus, macros, applets, controles ActiveX o cualquier otro dispositivo l\u00f3gico o secuencia de caracteres que causen o sean susceptibles de causar cualquier tipo de alteraci\u00f3n en los sistemas inform\u00e1ticos de EUROMADERA o de terceros.<\/p><ol start=\"4\"><li><strong>Enlaces de terceros<\/strong><\/li><\/ol><p>La presente pol\u00edtica legal se refiere \u00fanicamente a la p\u00e1gina Web y contenidos de EUROMADERA y no se aplica a los enlaces o a las p\u00e1ginas Web de terceros accesibles a trav\u00e9s de la p\u00e1gina Web.<\/p><p>Los destinos de dichos enlaces no est\u00e1n bajo el control de EUROMADERA .<\/p><p>EUROMADERA no es responsable del contenido de ninguna de las p\u00e1ginas Web de destino de un enlace, ni de ning\u00fan enlace incluido en una p\u00e1gina Web a la que llegue desde la Web de EUROMADERA ni de ning\u00fan cambio o actualizaci\u00f3n de dichas p\u00e1ginas.<\/p><ol start=\"5\"><li><strong>Propiedad Intelectual.<\/strong><\/li><\/ol><p>El contenido del sitio Web es una obra original y protegida por el Derecho de Propiedad Intelectual con todos los derechos reservados para BERRI WOOD no permiti\u00e9ndose la reproducci\u00f3n ni transmisi\u00f3n en forma alguna, ni por ning\u00fan medio de parte o de todo el contenido del material de este sitio Web, incluyendo, sin ser limitativo, texto, fotos, gr\u00e1ficos, c\u00f3digo de dise\u00f1o, sin previa autorizaci\u00f3n del autor. En ning\u00fan momento podr\u00e1 ser objeto de copia, modificaci\u00f3n o descompilaci\u00f3n del c\u00f3digo fuente mediante ingenier\u00eda inversa o cualquier otra t\u00e9cnica al efecto.<\/p><p>Todos los logotipos y marcas de EUROMADERA se encuentran registrados como marcas en los registros p\u00fablicos correspondientes. El resto de los logotipos ajenos a EUROMADERA que pudieran aparecer en el sitio Web, pertenecen a sus respectivos propietarios, sin ser EUROMADERA responsable de controversias o de los contenidos de los mismos.<\/p><p>El dise\u00f1o del sitio Web es propiedad de EUROMADERA desde su programaci\u00f3n, edici\u00f3n, compilaci\u00f3n y dem\u00e1s elementos necesarios para su funcionamiento. Se necesitar\u00e1 la autorizaci\u00f3n expresa de por escrito de EUROMADERA para su reproducci\u00f3n parcial o total, as\u00ed como para la explotaci\u00f3n, distribuci\u00f3n y comercializaci\u00f3n en general.<\/p><p>Las reclamaciones que pudieran interponerse por los usuarios en relaci\u00f3n con posibles incumplimientos de los derechos de propiedad intelectual o industrial de los contenidos pueden dirigirse a: <a href=\"mailto:info@euromadera.com\">info@euromadera.com<\/a><\/p><p>\u00a0<\/p><ol start=\"6\"><li><strong>Protecci\u00f3n de datos personales.<\/strong><\/li><\/ol><p><strong>Consultar la Pol\u00edtica de Privacidad:<\/strong> <a href=\"https:\/\/www.euromadera.com\/politica-de-privacidad\/\">https:\/\/www.euromadera.com\/politica-de-privacidad\/<\/a><\/p><p>\u00a0<\/p><ol start=\"7\"><li><strong>Ley Aplicable y Jurisdicci\u00f3n.<\/strong><\/li><\/ol><p>Para toda cuesti\u00f3n litigiosa o que incumba al Sitio Web o en su caso el servicio prestado por EUROMADERA , se someten voluntariamente a la legislaci\u00f3n espa\u00f1ola, siendo competentes para la resoluci\u00f3n de todos los conflictos derivados o relacionados los Juzgados y Tribunales de Pamplona (Espa\u00f1a) y en su caso, los Tribunales Arbitrales a los que se encuentra adherida en el momento de la controversia EUROMADERA<\/p><p><strong>\u00a0<\/strong><\/p><p><strong>Fecha modificaci\u00f3n del texto: 16 de julio de 2021<\/strong><\/p><p>\u00a0<\/p><p>[\/et_pb_text][\/et_pb_column][\/et_pb_row][\/et_pb_section]<\/p>","_et_gb_content_width":"","footnotes":""},"class_list":["post-761","page","type-page","status-publish","hentry"],"aioseo_notices":[],"_links":{"self":[{"href":"https:\/\/euromadera.com\/en\/wp-json\/wp\/v2\/pages\/761","targetHints":{"allow":["GET"]}}],"collection":[{"href":"https:\/\/euromadera.com\/en\/wp-json\/wp\/v2\/pages"}],"about":[{"href":"https:\/\/euromadera.com\/en\/wp-json\/wp\/v2\/types\/page"}],"author":[{"embeddable":true,"href":"https:\/\/euromadera.com\/en\/wp-json\/wp\/v2\/users\/1"}],"replies":[{"embeddable":true,"href":"https:\/\/euromadera.com\/en\/wp-json\/wp\/v2\/comments?post=761"}],"version-history":[{"count":0,"href":"https:\/\/euromadera.com\/en\/wp-json\/wp\/v2\/pages\/761\/revisions"}],"wp:attachment":[{"href":"https:\/\/euromadera.com\/en\/wp-json\/wp\/v2\/media?parent=761"}],"curies":[{"name":"wp","href":"https:\/\/api.w.org\/{rel}","templated":true}]}}